{"id":351,"date":"2023-03-10T12:29:31","date_gmt":"2023-03-10T12:29:31","guid":{"rendered":"https:\/\/cores.org.br\/site\/?page_id=351"},"modified":"2023-03-10T18:21:37","modified_gmt":"2023-03-10T18:21:37","slug":"mapeamento-lgbtqia","status":"publish","type":"page","link":"https:\/\/cores.org.br\/site\/projetos-e-acoes\/mapeamento-lgbtqia\/","title":{"rendered":"Mapeamento LGBTQIA+"},"content":{"rendered":"\t\t<div data-elementor-type=\"wp-page\" data-elementor-id=\"351\" class=\"elementor elementor-351\">\n\t\t\t\t\t\t\t\t\t<section class=\"elementor-section elementor-top-section elementor-element elementor-element-5e20ab7f elementor-section-full_width elementor-section-height-min-height elementor-section-height-default elementor-section-items-middle\" data-id=\"5e20ab7f\" data-element_type=\"section\" data-settings=\"{&quot;background_background&quot;:&quot;classic&quot;,&quot;ekit_has_onepagescroll_dot&quot;:&quot;yes&quot;}\">\n\t\t\t\t\t\t\t<div class=\"elementor-background-overlay\"><\/div>\n\t\t\t\t\t\t\t<div class=\"elementor-container elementor-column-gap-no\">\n\t\t\t\t\t<div class=\"elementor-column elementor-col-100 elementor-top-column elementor-element elementor-element-79e24cef\" data-id=\"79e24cef\" data-element_type=\"column\">\n\t\t\t<div class=\"elementor-widget-wrap elementor-element-populated\">\n\t\t\t\t\t\t\t\t<div class=\"elementor-element elementor-element-3d63ff57 elementor-widget elementor-widget-heading\" data-id=\"3d63ff57\" data-element_type=\"widget\" data-settings=\"{&quot;ekit_we_effect_on&quot;:&quot;none&quot;}\" data-widget_type=\"heading.default\">\n\t\t\t\t<div class=\"elementor-widget-container\">\n\t\t\t<style>\/*! elementor - v3.10.2 - 29-01-2023 *\/\n.elementor-heading-title{padding:0;margin:0;line-height:1}.elementor-widget-heading .elementor-heading-title[class*=elementor-size-]>a{color:inherit;font-size:inherit;line-height:inherit}.elementor-widget-heading .elementor-heading-title.elementor-size-small{font-size:15px}.elementor-widget-heading .elementor-heading-title.elementor-size-medium{font-size:19px}.elementor-widget-heading .elementor-heading-title.elementor-size-large{font-size:29px}.elementor-widget-heading .elementor-heading-title.elementor-size-xl{font-size:39px}.elementor-widget-heading .elementor-heading-title.elementor-size-xxl{font-size:59px}<\/style><h1 class=\"elementor-heading-title elementor-size-default\">Mapeamento LGBTQIA+<\/h1>\t\t<\/div>\n\t\t\t\t<\/div>\n\t\t\t\t\t<\/div>\n\t\t<\/div>\n\t\t\t\t\t\t\t<\/div>\n\t\t<\/section>\n\t\t\t\t<section class=\"elementor-section elementor-top-section elementor-element elementor-element-63ee1a8e elementor-section-boxed elementor-section-height-default elementor-section-height-default\" data-id=\"63ee1a8e\" data-element_type=\"section\" data-settings=\"{&quot;ekit_has_onepagescroll_dot&quot;:&quot;yes&quot;}\">\n\t\t\t\t\t\t<div class=\"elementor-container elementor-column-gap-default\">\n\t\t\t\t\t<div class=\"elementor-column elementor-col-50 elementor-top-column elementor-element elementor-element-7ef32e5f\" data-id=\"7ef32e5f\" data-element_type=\"column\">\n\t\t\t<div class=\"elementor-widget-wrap elementor-element-populated\">\n\t\t\t\t\t\t\t\t<div class=\"elementor-element elementor-element-df23cdc elementor-widget elementor-widget-image\" data-id=\"df23cdc\" data-element_type=\"widget\" data-settings=\"{&quot;ekit_we_effect_on&quot;:&quot;none&quot;}\" data-widget_type=\"image.default\">\n\t\t\t\t<div class=\"elementor-widget-container\">\n\t\t\t<style>\/*! elementor - v3.10.2 - 29-01-2023 *\/\n.elementor-widget-image{text-align:center}.elementor-widget-image a{display:inline-block}.elementor-widget-image a img[src$=\".svg\"]{width:48px}.elementor-widget-image img{vertical-align:middle;display:inline-block}<\/style>\t\t\t\t\t\t\t\t\t\t\t\t<img loading=\"lazy\" decoding=\"async\" width=\"800\" height=\"800\" src=\"https:\/\/cores.org.br\/site\/wp-content\/uploads\/2023\/03\/map-1024x1024.png\" class=\"attachment-large size-large wp-image-352\" alt=\"\" srcset=\"https:\/\/cores.org.br\/site\/wp-content\/uploads\/2023\/03\/map-1024x1024.png 1024w, https:\/\/cores.org.br\/site\/wp-content\/uploads\/2023\/03\/map-300x300.png 300w, https:\/\/cores.org.br\/site\/wp-content\/uploads\/2023\/03\/map-150x150.png 150w, https:\/\/cores.org.br\/site\/wp-content\/uploads\/2023\/03\/map-768x768.png 768w, https:\/\/cores.org.br\/site\/wp-content\/uploads\/2023\/03\/map.png 1080w\" sizes=\"auto, (max-width: 800px) 100vw, 800px\" \/>\t\t\t\t\t\t\t\t\t\t\t\t\t\t\t<\/div>\n\t\t\t\t<\/div>\n\t\t\t\t\t<\/div>\n\t\t<\/div>\n\t\t\t\t<div class=\"elementor-column elementor-col-50 elementor-top-column elementor-element elementor-element-2b428f7b\" data-id=\"2b428f7b\" data-element_type=\"column\">\n\t\t\t<div class=\"elementor-widget-wrap elementor-element-populated\">\n\t\t\t\t\t\t\t\t<div class=\"elementor-element elementor-element-d08c30d elementor-widget elementor-widget-text-editor\" data-id=\"d08c30d\" data-element_type=\"widget\" data-settings=\"{&quot;ekit_we_effect_on&quot;:&quot;none&quot;}\" data-widget_type=\"text-editor.default\">\n\t\t\t\t<div class=\"elementor-widget-container\">\n\t\t\t<style>\/*! elementor - v3.10.2 - 29-01-2023 *\/\n.elementor-widget-text-editor.elementor-drop-cap-view-stacked .elementor-drop-cap{background-color:#818a91;color:#fff}.elementor-widget-text-editor.elementor-drop-cap-view-framed .elementor-drop-cap{color:#818a91;border:3px solid;background-color:transparent}.elementor-widget-text-editor:not(.elementor-drop-cap-view-default) .elementor-drop-cap{margin-top:8px}.elementor-widget-text-editor:not(.elementor-drop-cap-view-default) .elementor-drop-cap-letter{width:1em;height:1em}.elementor-widget-text-editor .elementor-drop-cap{float:left;text-align:center;line-height:1;font-size:50px}.elementor-widget-text-editor .elementor-drop-cap-letter{display:inline-block}<\/style>\t\t\t\t<p>Em menos de 5 minutos voc\u00ea faz seu cadastro em nossa plataforma e preenche seu mapeamento!<\/p><p>N\u00f3s precisamos te conhecer melhor, saber quem voc\u00ea \u00e9, o que voc\u00ea faz e tamb\u00e9m suas necessidades&#8230;<\/p><p>O mapeamento servir\u00e1 para cobrarmos do poder p\u00fablico para compromisso com a popula\u00e7\u00e3o LGBTQIAP+ do Vale SF , mas para isso precisamos da sua contribui\u00e7\u00e3o e \u00e9 muito simples.<\/p><p>N\u00e3o deixa de fazer, por favor!<\/p>\t\t\t\t\t\t<\/div>\n\t\t\t\t<\/div>\n\t\t\t\t<div class=\"elementor-element elementor-element-e1b3fb8 elementor-widget elementor-widget-heading\" data-id=\"e1b3fb8\" data-element_type=\"widget\" id=\"email\" data-settings=\"{&quot;ekit_we_effect_on&quot;:&quot;none&quot;}\" data-widget_type=\"heading.default\">\n\t\t\t\t<div class=\"elementor-widget-container\">\n\t\t\t<h4 class=\"elementor-heading-title elementor-size-default\"><a href=\"\/public\/login\">Acesse aqui<\/a><\/h4>\t\t<\/div>\n\t\t\t\t<\/div>\n\t\t\t\t\t<\/div>\n\t\t<\/div>\n\t\t\t\t\t\t\t<\/div>\n\t\t<\/section>\n\t\t\t\t\t\t\t<\/div>\n\t\t","protected":false},"excerpt":{"rendered":"<p>Em menos de 5 minutos voc\u00ea faz seu cadastro em nossa plataforma e preenche seu mapeamento! N\u00f3s precisamos te conhecer melhor, saber quem voc\u00ea \u00e9, o que voc\u00ea faz e tamb\u00e9m suas necessidades&#8230; O mapeamento servir\u00e1 para cobrarmos do poder p\u00fablico para compromisso com a popula\u00e7\u00e3o LGBTQIAP+ do Vale SF , mas para isso precisamos [&hellip;]<\/p>\n","protected":false},"author":1,"featured_media":0,"parent":241,"menu_order":0,"comment_status":"closed","ping_status":"closed","template":"","meta":{"footnotes":""},"class_list":["post-351","page","type-page","status-publish","hentry"],"_links":{"self":[{"href":"https:\/\/cores.org.br\/site\/wp-json\/wp\/v2\/pages\/351","targetHints":{"allow":["GET"]}}],"collection":[{"href":"https:\/\/cores.org.br\/site\/wp-json\/wp\/v2\/pages"}],"about":[{"href":"https:\/\/cores.org.br\/site\/wp-json\/wp\/v2\/types\/page"}],"author":[{"embeddable":true,"href":"https:\/\/cores.org.br\/site\/wp-json\/wp\/v2\/users\/1"}],"replies":[{"embeddable":true,"href":"https:\/\/cores.org.br\/site\/wp-json\/wp\/v2\/comments?post=351"}],"version-history":[{"count":25,"href":"https:\/\/cores.org.br\/site\/wp-json\/wp\/v2\/pages\/351\/revisions"}],"predecessor-version":[{"id":403,"href":"https:\/\/cores.org.br\/site\/wp-json\/wp\/v2\/pages\/351\/revisions\/403"}],"up":[{"embeddable":true,"href":"https:\/\/cores.org.br\/site\/wp-json\/wp\/v2\/pages\/241"}],"wp:attachment":[{"href":"https:\/\/cores.org.br\/site\/wp-json\/wp\/v2\/media?parent=351"}],"curies":[{"name":"wp","href":"https:\/\/api.w.org\/{rel}","templated":true}]}}